{"id":3807,"date":"2022-01-11T17:16:40","date_gmt":"2022-01-11T20:16:40","guid":{"rendered":"https:\/\/proyectovaquitas.com.ar\/?page_id=3807"},"modified":"2024-03-17T10:47:14","modified_gmt":"2024-03-17T13:47:14","slug":"recomendaciones-huerta","status":"publish","type":"page","link":"https:\/\/proyectovaquitas.com.ar\/index.php\/material\/recomendaciones-huerta\/","title":{"rendered":"Recomendaciones para la huerta"},"content":{"rendered":"\t\t<div data-elementor-type=\"wp-page\" data-elementor-id=\"3807\" class=\"elementor elementor-3807\">\n\t\t\t\t\t\t\t\t\t<section class=\"elementor-section elementor-top-section elementor-element elementor-element-8743b8a elementor-section-content-middle elementor-section-boxed elementor-section-height-default elementor-section-height-default\" data-id=\"8743b8a\" data-element_type=\"section\">\n\t\t\t\t\t\t<div class=\"elementor-container elementor-column-gap-no\">\n\t\t\t\t\t<div class=\"elementor-column elementor-col-100 elementor-top-column elementor-element elementor-element-15370446\" data-id=\"15370446\" data-element_type=\"column\">\n\t\t\t<div class=\"elementor-widget-wrap elementor-element-populated\">\n\t\t\t\t\t\t\t\t<section class=\"elementor-section elementor-inner-section elementor-element elementor-element-5d6be2a2 elementor-section-content-middle elementor-section-boxed elementor-section-height-default elementor-section-height-default\" data-id=\"5d6be2a2\" data-element_type=\"section\">\n\t\t\t\t\t\t<div class=\"elementor-container elementor-column-gap-no\">\n\t\t\t\t\t<div class=\"elementor-column elementor-col-100 elementor-inner-column elementor-element elementor-element-14128307\" data-id=\"14128307\" data-element_type=\"column\">\n\t\t\t<div class=\"elementor-widget-wrap elementor-element-populated\">\n\t\t\t\t\t\t\t\t<section class=\"elementor-section elementor-inner-section elementor-element elementor-element-180576cc elementor-section-content-middle elementor-section-boxed elementor-section-height-default elementor-section-height-default\" data-id=\"180576cc\" data-element_type=\"section\">\n\t\t\t\t\t\t<div class=\"elementor-container elementor-column-gap-default\">\n\t\t\t\t\t<div class=\"elementor-column elementor-col-100 elementor-inner-column elementor-element elementor-element-11bb0300\" data-id=\"11bb0300\" data-element_type=\"column\">\n\t\t\t<div class=\"elementor-widget-wrap elementor-element-populated\">\n\t\t\t\t\t\t\t\t<div class=\"elementor-element elementor-element-6a649424 elementor-icon-list--layout-inline elementor-mobile-align-center elementor-align-center elementor-list-item-link-full_width elementor-widget elementor-widget-icon-list\" data-id=\"6a649424\" data-element_type=\"widget\" data-widget_type=\"icon-list.default\">\n\t\t\t\t<div class=\"elementor-widget-container\">\n\t\t\t<link rel=\"stylesheet\" href=\"https:\/\/proyectovaquitas.com.ar\/wp-content\/plugins\/elementor\/assets\/css\/widget-icon-list.min.css\">\t\t<ul class=\"elementor-icon-list-items elementor-inline-items\">\n\t\t\t\t\t\t\t<li class=\"elementor-icon-list-item elementor-inline-item\">\n\t\t\t\t\t\t\t\t\t\t\t<a href=\"https:\/\/proyectovaquitas.com.ar\/index.php\/material\/material-infantil\/\">\n\n\t\t\t\t\t\t\t\t\t\t\t<span class=\"elementor-icon-list-text\">Material infantil<\/span>\n\t\t\t\t\t\t\t\t\t\t\t<\/a>\n\t\t\t\t\t\t\t\t\t<\/li>\n\t\t\t\t\t\t\t\t<li class=\"elementor-icon-list-item elementor-inline-item\">\n\t\t\t\t\t\t\t\t\t\t\t<a href=\"https:\/\/proyectovaquitas.com.ar\/index.php\/material\/posters-infografias\/\">\n\n\t\t\t\t\t\t\t\t\t\t\t<span class=\"elementor-icon-list-text\">P\u00f3sters e infograf\u00edas<\/span>\n\t\t\t\t\t\t\t\t\t\t\t<\/a>\n\t\t\t\t\t\t\t\t\t<\/li>\n\t\t\t\t\t\t\t\t<li class=\"elementor-icon-list-item elementor-inline-item\">\n\t\t\t\t\t\t\t\t\t\t\t<a href=\"https:\/\/proyectovaquitas.com.ar\/index.php\/material\/catalogos-imprimibles\/\">\n\n\t\t\t\t\t\t\t\t\t\t\t<span class=\"elementor-icon-list-text\">Cat\u00e1logos y Gu\u00eda de Campo<\/span>\n\t\t\t\t\t\t\t\t\t\t\t<\/a>\n\t\t\t\t\t\t\t\t\t<\/li>\n\t\t\t\t\t\t\t\t<li class=\"elementor-icon-list-item elementor-inline-item\">\n\t\t\t\t\t\t\t\t\t\t\t<a href=\"https:\/\/proyectovaquitas.com.ar\/index.php\/material\/recomendaciones-huerta\/\">\n\n\t\t\t\t\t\t\t\t\t\t\t<span class=\"elementor-icon-list-text\">Recomendaciones para la huerta<\/span>\n\t\t\t\t\t\t\t\t\t\t\t<\/a>\n\t\t\t\t\t\t\t\t\t<\/li>\n\t\t\t\t\t\t\t\t<li class=\"elementor-icon-list-item elementor-inline-item\">\n\t\t\t\t\t\t\t\t\t\t\t<a href=\"https:\/\/proyectovaquitas.com.ar\/index.php\/material\/info-vaquitas\/\">\n\n\t\t\t\t\t\t\t\t\t\t\t<span class=\"elementor-icon-list-text\">M\u00e1s informaci\u00f3n sobre vaquitas<\/span>\n\t\t\t\t\t\t\t\t\t\t\t<\/a>\n\t\t\t\t\t\t\t\t\t<\/li>\n\t\t\t\t\t\t<\/ul>\n\t\t\t\t<\/div>\n\t\t\t\t<\/div>\n\t\t\t\t\t<\/div>\n\t\t<\/div>\n\t\t\t\t\t\t\t<\/div>\n\t\t<\/section>\n\t\t\t\t\t<\/div>\n\t\t<\/div>\n\t\t\t\t\t\t\t<\/div>\n\t\t<\/section>\n\t\t\t\t\t<\/div>\n\t\t<\/div>\n\t\t\t\t\t\t\t<\/div>\n\t\t<\/section>\n\t\t\t\t<section class=\"elementor-section elementor-top-section elementor-element elementor-element-31d3a61a elementor-section-content-middle elementor-reverse-mobile elementor-section-boxed elementor-section-height-default elementor-section-height-default\" data-id=\"31d3a61a\" data-element_type=\"section\" data-settings=\"{&quot;background_background&quot;:&quot;gradient&quot;}\">\n\t\t\t\t\t\t\t<div class=\"elementor-background-overlay\"><\/div>\n\t\t\t\t\t\t\t<div class=\"elementor-container elementor-column-gap-no\">\n\t\t\t\t\t<div class=\"elementor-column elementor-col-33 elementor-top-column elementor-element elementor-element-3dc5393d\" data-id=\"3dc5393d\" data-element_type=\"column\">\n\t\t\t<div class=\"elementor-widget-wrap elementor-element-populated\">\n\t\t\t\t\t\t\t\t<div class=\"elementor-element elementor-element-22f69e51 elementor-invisible elementor-widget elementor-widget-image\" data-id=\"22f69e51\" data-element_type=\"widget\" data-settings=\"{&quot;_animation&quot;:&quot;fadeInLeft&quot;}\" data-widget_type=\"image.default\">\n\t\t\t\t<div class=\"elementor-widget-container\">\n\t\t\t<style>\/*! elementor - v3.11.5 - 14-03-2023 *\/\n.elementor-widget-image{text-align:center}.elementor-widget-image a{display:inline-block}.elementor-widget-image a img[src$=\".svg\"]{width:48px}.elementor-widget-image img{vertical-align:middle;display:inline-block}<\/style>\t\t\t\t\t\t\t\t\t\t\t\t<img src=\"https:\/\/proyectovaquitas.com.ar\/wp-content\/uploads\/elementor\/thumbs\/Recurso-2@300x-pby52w69bwq7or379ywjd0ie87pofyp8i58if036kg.png\" title=\"Recurso 2@300x\" alt=\"Recurso 2@300x\" loading=\"lazy\" \/>\t\t\t\t\t\t\t\t\t\t\t\t\t\t\t<\/div>\n\t\t\t\t<\/div>\n\t\t\t\t\t<\/div>\n\t\t<\/div>\n\t\t\t\t<div class=\"elementor-column elementor-col-66 elementor-top-column elementor-element elementor-element-8d5b0f3\" data-id=\"8d5b0f3\" data-element_type=\"column\">\n\t\t\t<div class=\"elementor-widget-wrap elementor-element-populated\">\n\t\t\t\t\t\t\t\t<div class=\"elementor-element elementor-element-3e49becb elementor-widget elementor-widget-heading\" data-id=\"3e49becb\" data-element_type=\"widget\" data-widget_type=\"heading.default\">\n\t\t\t\t<div class=\"elementor-widget-container\">\n\t\t\t<style>\/*! elementor - v3.11.5 - 14-03-2023 *\/\n.elementor-heading-title{padding:0;margin:0;line-height:1}.elementor-widget-heading .elementor-heading-title[class*=elementor-size-]>a{color:inherit;font-size:inherit;line-height:inherit}.elementor-widget-heading .elementor-heading-title.elementor-size-small{font-size:15px}.elementor-widget-heading .elementor-heading-title.elementor-size-medium{font-size:19px}.elementor-widget-heading .elementor-heading-title.elementor-size-large{font-size:29px}.elementor-widget-heading .elementor-heading-title.elementor-size-xl{font-size:39px}.elementor-widget-heading .elementor-heading-title.elementor-size-xxl{font-size:59px}<\/style><h2 class=\"elementor-heading-title elementor-size-default\">Recomendaciones para la huerta  <\/h2>\t\t<\/div>\n\t\t\t\t<\/div>\n\t\t\t\t\t<\/div>\n\t\t<\/div>\n\t\t\t\t\t\t\t<\/div>\n\t\t<\/section>\n\t\t\t\t<section class=\"elementor-section elementor-top-section elementor-element elementor-element-2ba8068f elementor-section-boxed elementor-section-height-default elementor-section-height-default\" data-id=\"2ba8068f\" data-element_type=\"section\">\n\t\t\t\t\t\t<div class=\"elementor-container elementor-column-gap-default\">\n\t\t\t\t\t<div class=\"elementor-column elementor-col-33 elementor-top-column elementor-element elementor-element-2d43292b\" data-id=\"2d43292b\" data-element_type=\"column\">\n\t\t\t<div class=\"elementor-widget-wrap elementor-element-populated\">\n\t\t\t\t\t\t\t\t<div class=\"elementor-element elementor-element-6ce79a55 elementor-widget elementor-widget-image\" data-id=\"6ce79a55\" data-element_type=\"widget\" data-widget_type=\"image.default\">\n\t\t\t\t<div class=\"elementor-widget-container\">\n\t\t\t\t\t\t\t\t\t\t\t\t\t\t\t\t<a href=\"https:\/\/drive.google.com\/drive\/folders\/1LtRIyPBYiKlP0FcjM0p5dmHcCvRG9IV-?usp=drive_link\">\n\t\t\t\t\t\t\t<img src=\"https:\/\/proyectovaquitas.com.ar\/wp-content\/uploads\/elementor\/thumbs\/Screen-Shot-2021-10-30-at-11.39.33-pfbxsku85l29mqyebfsppavzjx5njmzir189jtb9xc.png\" title=\"Screen Shot 2021-10-30 at 11.39.33\" alt=\"Screen Shot 2021-10-30 at 11.39.33\" class=\"elementor-animation-shrink\" loading=\"lazy\" \/>\t\t\t\t\t\t\t\t<\/a>\n\t\t\t\t\t\t\t\t\t\t\t\t\t\t\t<\/div>\n\t\t\t\t<\/div>\n\t\t\t\t\t<\/div>\n\t\t<\/div>\n\t\t\t\t<div class=\"elementor-column elementor-col-66 elementor-top-column elementor-element elementor-element-10a10683\" data-id=\"10a10683\" data-element_type=\"column\">\n\t\t\t<div class=\"elementor-widget-wrap elementor-element-populated\">\n\t\t\t\t\t\t\t\t<div class=\"elementor-element elementor-element-5fe36bdc elementor-widget elementor-widget-text-editor\" data-id=\"5fe36bdc\" data-element_type=\"widget\" data-widget_type=\"text-editor.default\">\n\t\t\t\t<div class=\"elementor-widget-container\">\n\t\t\t<style>\/*! elementor - v3.11.5 - 14-03-2023 *\/\n.elementor-widget-text-editor.elementor-drop-cap-view-stacked .elementor-drop-cap{background-color:#818a91;color:#fff}.elementor-widget-text-editor.elementor-drop-cap-view-framed .elementor-drop-cap{color:#818a91;border:3px solid;background-color:transparent}.elementor-widget-text-editor:not(.elementor-drop-cap-view-default) .elementor-drop-cap{margin-top:8px}.elementor-widget-text-editor:not(.elementor-drop-cap-view-default) .elementor-drop-cap-letter{width:1em;height:1em}.elementor-widget-text-editor .elementor-drop-cap{float:left;text-align:center;line-height:1;font-size:50px}.elementor-widget-text-editor .elementor-drop-cap-letter{display:inline-block}<\/style>\t\t\t\t<div class=\"page\" title=\"Page 1\"><div class=\"section\"><div class=\"layoutArea\"><div class=\"column\"><div class=\"page\" title=\"Page 1\"><div class=\"layoutArea\"><div class=\"column\"><p><strong><a href=\"https:\/\/drive.google.com\/drive\/folders\/1LtRIyPBYiKlP0FcjM0p5dmHcCvRG9IV-?usp=drive_link\">Gui\u0301a para la cri\u0301a casera de Coccine\u0301lidos\u00a0en el marco de la Agroecologi\u0301a<\/a><\/strong><\/p><\/div><\/div><\/div><\/div><\/div><\/div><\/div>\t\t\t\t\t\t<\/div>\n\t\t\t\t<\/div>\n\t\t\t\t<div class=\"elementor-element elementor-element-4a63d2a6 elementor-widget elementor-widget-text-editor\" data-id=\"4a63d2a6\" data-element_type=\"widget\" data-widget_type=\"text-editor.default\">\n\t\t\t\t<div class=\"elementor-widget-container\">\n\t\t\t\t\t\t\t<div class=\"page\" title=\"Page 1\"><div class=\"section\"><div class=\"layoutArea\"><div class=\"column\"><div class=\"page\" title=\"Page 9\"><div class=\"layoutArea\"><div class=\"column\"><p>Chiandussi, Mari\u0301a Carla, INTA (chiandussi.maria@inta.gob.ar),\u00a0Panonto, Silvina Fernanda, INTA (panonto.silvina@inta.gob.ar).\u00a0Proyecto Especial \u201cProduccio\u0301n de Bioinsumos para la Agricultura Familiar Sustentable\u201d, del programa Prohuerta (INTA \u2013 Ministerio de Desarrollo Social y Salud de la Nacio\u0301n)<\/p><\/div><\/div><\/div><\/div><\/div><\/div><\/div>\t\t\t\t\t\t<\/div>\n\t\t\t\t<\/div>\n\t\t\t\t<div class=\"elementor-element elementor-element-9912250 elementor-widget elementor-widget-text-editor\" data-id=\"9912250\" data-element_type=\"widget\" data-widget_type=\"text-editor.default\">\n\t\t\t\t<div class=\"elementor-widget-container\">\n\t\t\t\t\t\t\t<p><b>\u00a1Atenci\u00f3n!\u00a0<\/b><\/p>\t\t\t\t\t\t<\/div>\n\t\t\t\t<\/div>\n\t\t\t\t<div class=\"elementor-element elementor-element-74c85162 elementor-widget elementor-widget-text-editor\" data-id=\"74c85162\" data-element_type=\"widget\" data-widget_type=\"text-editor.default\">\n\t\t\t\t<div class=\"elementor-widget-container\">\n\t\t\t\t\t\t\t<p>Esta gu\u00eda da lineamientos generales para la cr\u00eda de vaquitas pero incluye recomendedaciones para la cr\u00eda de especies ex\u00f3ticas y ex\u00f3ticas invasoras. <strong>Para<\/strong> <b>evitar fomentar la propagaci\u00f3n de especies ex\u00f3ticas<\/b>, recomendamos que solo se crien las especies nativas: <em>Eriopis connexa<\/em> y <em>Cycloneda sanguinea<\/em>. Otras especies nativas que resultan buenas controladoras de plagas y se podr\u00edan criar son <em>Cycloneda ancoralis<\/em> e <em>Hyperaspis festiva<\/em>. Pod\u00e9s ver la apariencia de estas especies en nuestro <span style=\"text-decoration: underline;\"><a href=\"https:\/\/proyectovaquitas.com.ar\/index.php\/catalogos\/\">cat\u00e1logo<\/a><\/span>.\u00a0<\/p>\t\t\t\t\t\t<\/div>\n\t\t\t\t<\/div>\n\t\t\t\t\t<\/div>\n\t\t<\/div>\n\t\t\t\t\t\t\t<\/div>\n\t\t<\/section>\n\t\t\t\t<section class=\"elementor-section elementor-top-section elementor-element elementor-element-9890cf0 elementor-section-boxed elementor-section-height-default elementor-section-height-default\" data-id=\"9890cf0\" data-element_type=\"section\">\n\t\t\t\t\t\t<div class=\"elementor-container elementor-column-gap-default\">\n\t\t\t\t\t<div class=\"elementor-column elementor-col-33 elementor-top-column elementor-element elementor-element-4600af5\" data-id=\"4600af5\" data-element_type=\"column\">\n\t\t\t<div class=\"elementor-widget-wrap elementor-element-populated\">\n\t\t\t\t\t\t\t\t<div class=\"elementor-element elementor-element-7bfb46f elementor-widget elementor-widget-image\" data-id=\"7bfb46f\" data-element_type=\"widget\" data-widget_type=\"image.default\">\n\t\t\t\t<div class=\"elementor-widget-container\">\n\t\t\t\t\t\t\t\t\t\t\t\t\t\t\t\t<a href=\"https:\/\/drive.google.com\/drive\/folders\/1RJ_UkW9OFwZEoyjoZhFzrKSjeWxvqK8d?usp=drive_link\">\n\t\t\t\t\t\t\t<img src=\"https:\/\/proyectovaquitas.com.ar\/wp-content\/uploads\/elementor\/thumbs\/Screen-Shot-2023-12-11-at-09.30.34-qgnkj140wh2v2k2s30trrl9obq53ulp1nqvvb1kk5c.png\" title=\"Screen Shot 2023-12-11 at 09.30.34\" alt=\"Screen Shot 2023-12-11 at 09.30.34\" class=\"elementor-animation-shrink\" loading=\"lazy\" \/>\t\t\t\t\t\t\t\t<\/a>\n\t\t\t\t\t\t\t\t\t\t\t\t\t\t\t<\/div>\n\t\t\t\t<\/div>\n\t\t\t\t\t<\/div>\n\t\t<\/div>\n\t\t\t\t<div class=\"elementor-column elementor-col-66 elementor-top-column elementor-element elementor-element-8b8f6a7\" data-id=\"8b8f6a7\" data-element_type=\"column\">\n\t\t\t<div class=\"elementor-widget-wrap elementor-element-populated\">\n\t\t\t\t\t\t\t\t<div class=\"elementor-element elementor-element-122b3a4 elementor-widget elementor-widget-text-editor\" data-id=\"122b3a4\" data-element_type=\"widget\" data-widget_type=\"text-editor.default\">\n\t\t\t\t<div class=\"elementor-widget-container\">\n\t\t\t\t\t\t\t<div class=\"page\" title=\"Page 1\"><div class=\"section\"><div class=\"layoutArea\"><div class=\"column\"><div class=\"page\" title=\"Page 1\"><div class=\"layoutArea\"><div class=\"column\"><p><a href=\"https:\/\/drive.google.com\/drive\/folders\/1RJ_UkW9OFwZEoyjoZhFzrKSjeWxvqK8d?usp=drive_link\"><strong>Gui\u0301a para un jard\u00edn amigable con la naturaleza<\/strong><\/a><\/p><\/div><\/div><\/div><\/div><\/div><\/div><\/div>\t\t\t\t\t\t<\/div>\n\t\t\t\t<\/div>\n\t\t\t\t<div class=\"elementor-element elementor-element-c019faa elementor-widget elementor-widget-text-editor\" data-id=\"c019faa\" data-element_type=\"widget\" data-widget_type=\"text-editor.default\">\n\t\t\t\t<div class=\"elementor-widget-container\">\n\t\t\t\t\t\t\t<div title=\"Page 1\"><div><div><div><div title=\"Page 9\"><div><div><p>Luciana Elizalde,\u00a0Sergio Lambertucci,\u00a0Silvana Alzogaray y\u00a0Mar\u00eda Eugenia Ghio (conservacionyjardines@comahue-conicet.gob.ar).\u00a0Instituto de Investigaciones en Biodiversidad y Medioambiente (Consejo Nacional de Investigaciones Cient\u00edficas y T\u00e9cnicas &#8211; Universidad Nacional del Comahue).<\/p><\/div><\/div><\/div><\/div><\/div><\/div><\/div>\t\t\t\t\t\t<\/div>\n\t\t\t\t<\/div>\n\t\t\t\t\t<\/div>\n\t\t<\/div>\n\t\t\t\t\t\t\t<\/div>\n\t\t<\/section>\n\t\t\t\t<section class=\"elementor-section elementor-top-section elementor-element elementor-element-6cb351cc elementor-section-boxed elementor-section-height-default elementor-section-height-default\" data-id=\"6cb351cc\" data-element_type=\"section\">\n\t\t\t\t\t\t<div class=\"elementor-container elementor-column-gap-default\">\n\t\t\t\t\t<div class=\"elementor-column elementor-col-33 elementor-top-column elementor-element elementor-element-39d51e47\" data-id=\"39d51e47\" data-element_type=\"column\">\n\t\t\t<div class=\"elementor-widget-wrap elementor-element-populated\">\n\t\t\t\t\t\t\t\t<div class=\"elementor-element elementor-element-7b313b50 elementor-widget elementor-widget-image\" data-id=\"7b313b50\" data-element_type=\"widget\" data-widget_type=\"image.default\">\n\t\t\t\t<div class=\"elementor-widget-container\">\n\t\t\t\t\t\t\t\t\t\t\t\t\t\t\t\t<a href=\"https:\/\/drive.google.com\/drive\/folders\/1EEZof6fk2EbawhgqZpBGYdEpRoVHo4UD?usp=drive_link\">\n\t\t\t\t\t\t\t<img src=\"https:\/\/proyectovaquitas.com.ar\/wp-content\/uploads\/elementor\/thumbs\/Screen-Shot-2021-11-09-at-17.55.38-pftsgojni0n6ash3q5a08zjraq90m7pmc40sdt6ku8.png\" title=\"Screen Shot 2021-11-09 at 17.55.38\" alt=\"Screen Shot 2021-11-09 at 17.55.38\" class=\"elementor-animation-shrink\" loading=\"lazy\" \/>\t\t\t\t\t\t\t\t<\/a>\n\t\t\t\t\t\t\t\t\t\t\t\t\t\t\t<\/div>\n\t\t\t\t<\/div>\n\t\t\t\t\t<\/div>\n\t\t<\/div>\n\t\t\t\t<div class=\"elementor-column elementor-col-66 elementor-top-column elementor-element elementor-element-31a1cecb\" data-id=\"31a1cecb\" data-element_type=\"column\">\n\t\t\t<div class=\"elementor-widget-wrap elementor-element-populated\">\n\t\t\t\t\t\t\t\t<div class=\"elementor-element elementor-element-38240057 elementor-widget elementor-widget-text-editor\" data-id=\"38240057\" data-element_type=\"widget\" data-widget_type=\"text-editor.default\">\n\t\t\t\t<div class=\"elementor-widget-container\">\n\t\t\t\t\t\t\t<div class=\"page\" title=\"Page 1\"><div class=\"section\"><div class=\"layoutArea\"><div class=\"column\"><div class=\"page\" title=\"Page 1\"><div class=\"layoutArea\"><div class=\"column\"><div class=\"page\" title=\"Page 1\"><div class=\"section\"><div class=\"layoutArea\"><div class=\"column\"><p><strong><a href=\"https:\/\/drive.google.com\/drive\/folders\/1EEZof6fk2EbawhgqZpBGYdEpRoVHo4UD?usp=drive_link\">Preparados caseros contra las plagas de\u00a0la huerta<\/a><\/strong><\/p><\/div><\/div><\/div><\/div><\/div><\/div><\/div><\/div><\/div><\/div><\/div>\t\t\t\t\t\t<\/div>\n\t\t\t\t<\/div>\n\t\t\t\t<div class=\"elementor-element elementor-element-28285e5e elementor-widget elementor-widget-text-editor\" data-id=\"28285e5e\" data-element_type=\"widget\" data-widget_type=\"text-editor.default\">\n\t\t\t\t<div class=\"elementor-widget-container\">\n\t\t\t\t\t\t\t<div class=\"page\" title=\"Page 1\"><div class=\"section\"><div class=\"layoutArea\"><div class=\"column\"><div class=\"page\" title=\"Page 9\"><div class=\"layoutArea\"><div class=\"column\"><div class=\"page\" title=\"Page 1\"><div class=\"section\"><div class=\"layoutArea\"><div class=\"column\"><p>Ine\u0301s Mora Jara (morajara.ines@inta.gob.ar),\u00a0Mari\u0301a Victoria Corte\u0301s (cortes.maria@inta.gob.ar),\u00a0Julio Llampa (llampa.julio@inta.gob.ar). AER Valcheta. Programa Prohuerta (INTA \u2013 Ministerio de Desarrollo Social y Salud de la Nacio\u0301n)<\/p><\/div><\/div><\/div><\/div><\/div><\/div><\/div><\/div><\/div><\/div><\/div>\t\t\t\t\t\t<\/div>\n\t\t\t\t<\/div>\n\t\t\t\t\t<\/div>\n\t\t<\/div>\n\t\t\t\t\t\t\t<\/div>\n\t\t<\/section>\n\t\t\t\t<section class=\"elementor-section elementor-top-section elementor-element elementor-element-3847747f elementor-section-boxed elementor-section-height-default elementor-section-height-default\" data-id=\"3847747f\" data-element_type=\"section\">\n\t\t\t\t\t\t<div class=\"elementor-container elementor-column-gap-default\">\n\t\t\t\t\t<div class=\"elementor-column elementor-col-33 elementor-top-column elementor-element elementor-element-2d9a310b\" data-id=\"2d9a310b\" data-element_type=\"column\">\n\t\t\t<div class=\"elementor-widget-wrap elementor-element-populated\">\n\t\t\t\t\t\t\t\t<div class=\"elementor-element elementor-element-1f20405b elementor-widget elementor-widget-image\" data-id=\"1f20405b\" data-element_type=\"widget\" data-widget_type=\"image.default\">\n\t\t\t\t<div class=\"elementor-widget-container\">\n\t\t\t\t\t\t\t\t\t\t\t\t\t\t\t\t<a href=\"https:\/\/biblioteca.inia.cl\/bitstream\/handle\/123456789\/67359\/Informativo%20INIA%20N\u00b0%20110?sequence=1&#038;isAllowed=y\">\n\t\t\t\t\t\t\t<img src=\"https:\/\/proyectovaquitas.com.ar\/wp-content\/uploads\/elementor\/thumbs\/Informativo-INIA-N\u00b0-110-1-pfbx1ubhr8gne1sifvqqs1rz9cxslkudqp724gyeww.gif\" title=\"Informativo-INIA-N\u00b0-110-1\" alt=\"Informativo-INIA-N\u00b0-110-1\" class=\"elementor-animation-shrink\" loading=\"lazy\" \/>\t\t\t\t\t\t\t\t<\/a>\n\t\t\t\t\t\t\t\t\t\t\t\t\t\t\t<\/div>\n\t\t\t\t<\/div>\n\t\t\t\t\t<\/div>\n\t\t<\/div>\n\t\t\t\t<div class=\"elementor-column elementor-col-66 elementor-top-column elementor-element elementor-element-25ad543d\" data-id=\"25ad543d\" data-element_type=\"column\">\n\t\t\t<div class=\"elementor-widget-wrap elementor-element-populated\">\n\t\t\t\t\t\t\t\t<div class=\"elementor-element elementor-element-7027ddde elementor-widget elementor-widget-text-editor\" data-id=\"7027ddde\" data-element_type=\"widget\" data-widget_type=\"text-editor.default\">\n\t\t\t\t<div class=\"elementor-widget-container\">\n\t\t\t\t\t\t\t<p><strong><a href=\"https:\/\/biblioteca.inia.cl\/bitstream\/handle\/123456789\/67359\/Informativo%20INIA%20N\u00b0%20110?sequence=1&amp;isAllowed=y\">Refugio u \u201choteles de insectos\u201d, simulaci\u00f3n de h\u00e1bitat para el establecimiento de fauna auxiliar.<\/a><\/strong><\/p>\t\t\t\t\t\t<\/div>\n\t\t\t\t<\/div>\n\t\t\t\t<div class=\"elementor-element elementor-element-72d1a93b elementor-widget elementor-widget-text-editor\" data-id=\"72d1a93b\" data-element_type=\"widget\" data-widget_type=\"text-editor.default\">\n\t\t\t\t<div class=\"elementor-widget-container\">\n\t\t\t\t\t\t\t<div class=\"page\" title=\"Page 1\"><div class=\"section\"><div class=\"layoutArea\"><div class=\"column\"><p>Mc Leod C., Aguila K., Zegers G., Ca\u0301rcamo J. PROYECTO FIC \u201c INIA sobre ruedas, unidad mo\u0301vil de transferencia y extensio\u0301n\u201d (Co\u0301d. BIP 40018515-0). Comite\u0301 Editor: Juan Pablo Marti\u0301nez.\u00a0Instituto de Investigaciones Agropecuarias.\u00a0INFORMATIVO N\u00b0 110 &#8211; An\u0303o 2021<\/p><\/div><\/div><\/div><\/div>\t\t\t\t\t\t<\/div>\n\t\t\t\t<\/div>\n\t\t\t\t\t<\/div>\n\t\t<\/div>\n\t\t\t\t\t\t\t<\/div>\n\t\t<\/section>\n\t\t\t\t<section class=\"elementor-section elementor-top-section elementor-element elementor-element-5e1a241 elementor-section-boxed elementor-section-height-default elementor-section-height-default\" data-id=\"5e1a241\" data-element_type=\"section\">\n\t\t\t\t\t\t<div class=\"elementor-container elementor-column-gap-default\">\n\t\t\t\t\t<div class=\"elementor-column elementor-col-100 elementor-top-column elementor-element elementor-element-d9a772d\" data-id=\"d9a772d\" data-element_type=\"column\">\n\t\t\t<div class=\"elementor-widget-wrap elementor-element-populated\">\n\t\t\t\t\t\t\t\t<div class=\"elementor-element elementor-element-a5ec8b5 elementor-widget elementor-widget-spacer\" data-id=\"a5ec8b5\" data-element_type=\"widget\" data-widget_type=\"spacer.default\">\n\t\t\t\t<div class=\"elementor-widget-container\">\n\t\t\t<style>\/*! elementor - v3.11.5 - 14-03-2023 *\/\n.elementor-column .elementor-spacer-inner{height:var(--spacer-size)}.e-con{--container-widget-width:100%}.e-con-inner>.elementor-widget-spacer,.e-con>.elementor-widget-spacer{width:var(--container-widget-width,var(--spacer-size));--align-self:var(--container-widget-align-self,initial);--flex-shrink:0}.e-con-inner>.elementor-widget-spacer>.elementor-widget-container,.e-con-inner>.elementor-widget-spacer>.elementor-widget-container>.elementor-spacer,.e-con>.elementor-widget-spacer>.elementor-widget-container,.e-con>.elementor-widget-spacer>.elementor-widget-container>.elementor-spacer{height:100%}.e-con-inner>.elementor-widget-spacer>.elementor-widget-container>.elementor-spacer>.elementor-spacer-inner,.e-con>.elementor-widget-spacer>.elementor-widget-container>.elementor-spacer>.elementor-spacer-inner{height:var(--container-widget-height,var(--spacer-size))}<\/style>\t\t<div class=\"elementor-spacer\">\n\t\t\t<div class=\"elementor-spacer-inner\"><\/div>\n\t\t<\/div>\n\t\t\t\t<\/div>\n\t\t\t\t<\/div>\n\t\t\t\t\t<\/div>\n\t\t<\/div>\n\t\t\t\t\t\t\t<\/div>\n\t\t<\/section>\n\t\t\t\t\t\t\t<\/div>\n\t\t","protected":false},"excerpt":{"rendered":"<p>Material infantil P\u00f3sters e infograf\u00edas Cat\u00e1logos y Gu\u00eda de Campo Recomendaciones para la huerta M\u00e1s informaci\u00f3n sobre vaquitas Recomendaciones para la huerta Gui\u0301a para la cri\u0301a casera de Coccine\u0301lidos\u00a0en el&hellip;<\/p>\n","protected":false},"author":2,"featured_media":0,"parent":961,"menu_order":0,"comment_status":"closed","ping_status":"closed","template":"","meta":{"_monsterinsights_skip_tracking":false,"_monsterinsights_sitenote_active":false,"_monsterinsights_sitenote_note":"","_monsterinsights_sitenote_category":0},"_links":{"self":[{"href":"https:\/\/proyectovaquitas.com.ar\/index.php\/wp-json\/wp\/v2\/pages\/3807"}],"collection":[{"href":"https:\/\/proyectovaquitas.com.ar\/index.php\/wp-json\/wp\/v2\/pages"}],"about":[{"href":"https:\/\/proyectovaquitas.com.ar\/index.php\/wp-json\/wp\/v2\/types\/page"}],"author":[{"embeddable":true,"href":"https:\/\/proyectovaquitas.com.ar\/index.php\/wp-json\/wp\/v2\/users\/2"}],"replies":[{"embeddable":true,"href":"https:\/\/proyectovaquitas.com.ar\/index.php\/wp-json\/wp\/v2\/comments?post=3807"}],"version-history":[{"count":40,"href":"https:\/\/proyectovaquitas.com.ar\/index.php\/wp-json\/wp\/v2\/pages\/3807\/revisions"}],"predecessor-version":[{"id":4661,"href":"https:\/\/proyectovaquitas.com.ar\/index.php\/wp-json\/wp\/v2\/pages\/3807\/revisions\/4661"}],"up":[{"embeddable":true,"href":"https:\/\/proyectovaquitas.com.ar\/index.php\/wp-json\/wp\/v2\/pages\/961"}],"wp:attachment":[{"href":"https:\/\/proyectovaquitas.com.ar\/index.php\/wp-json\/wp\/v2\/media?parent=3807"}],"curies":[{"name":"wp","href":"https:\/\/api.w.org\/{rel}","templated":true}]}}