{"id":3805,"date":"2022-01-11T17:14:19","date_gmt":"2022-01-11T20:14:19","guid":{"rendered":"https:\/\/proyectovaquitas.com.ar\/?page_id=3805"},"modified":"2024-03-17T10:46:39","modified_gmt":"2024-03-17T13:46:39","slug":"posters-infografias","status":"publish","type":"page","link":"https:\/\/proyectovaquitas.com.ar\/index.php\/material\/posters-infografias\/","title":{"rendered":"P\u00f3sters e infograf\u00edas"},"content":{"rendered":"\t\t<div data-elementor-type=\"wp-page\" data-elementor-id=\"3805\" class=\"elementor elementor-3805\">\n\t\t\t\t\t\t\t\t\t<section class=\"elementor-section elementor-top-section elementor-element elementor-element-5be4ee45 elementor-section-content-middle elementor-section-boxed elementor-section-height-default elementor-section-height-default\" data-id=\"5be4ee45\" data-element_type=\"section\">\n\t\t\t\t\t\t<div class=\"elementor-container elementor-column-gap-no\">\n\t\t\t\t\t<div class=\"elementor-column elementor-col-100 elementor-top-column elementor-element elementor-element-66bad6b5\" data-id=\"66bad6b5\" data-element_type=\"column\">\n\t\t\t<div class=\"elementor-widget-wrap elementor-element-populated\">\n\t\t\t\t\t\t\t\t<section class=\"elementor-section elementor-inner-section elementor-element elementor-element-2bc43638 elementor-section-content-middle elementor-section-boxed elementor-section-height-default elementor-section-height-default\" data-id=\"2bc43638\" data-element_type=\"section\">\n\t\t\t\t\t\t<div class=\"elementor-container elementor-column-gap-no\">\n\t\t\t\t\t<div class=\"elementor-column elementor-col-100 elementor-inner-column elementor-element elementor-element-68205de\" data-id=\"68205de\" data-element_type=\"column\">\n\t\t\t<div class=\"elementor-widget-wrap elementor-element-populated\">\n\t\t\t\t\t\t\t\t<section class=\"elementor-section elementor-inner-section elementor-element elementor-element-426feaad elementor-section-content-middle elementor-section-boxed elementor-section-height-default elementor-section-height-default\" data-id=\"426feaad\" data-element_type=\"section\">\n\t\t\t\t\t\t<div class=\"elementor-container elementor-column-gap-default\">\n\t\t\t\t\t<div class=\"elementor-column elementor-col-100 elementor-inner-column elementor-element elementor-element-16b487f4\" data-id=\"16b487f4\" data-element_type=\"column\">\n\t\t\t<div class=\"elementor-widget-wrap elementor-element-populated\">\n\t\t\t\t\t\t\t\t<div class=\"elementor-element elementor-element-5dfe41c7 elementor-icon-list--layout-inline elementor-mobile-align-center elementor-align-center elementor-list-item-link-full_width elementor-widget elementor-widget-icon-list\" data-id=\"5dfe41c7\" data-element_type=\"widget\" data-widget_type=\"icon-list.default\">\n\t\t\t\t<div class=\"elementor-widget-container\">\n\t\t\t<link rel=\"stylesheet\" href=\"https:\/\/proyectovaquitas.com.ar\/wp-content\/plugins\/elementor\/assets\/css\/widget-icon-list.min.css\">\t\t<ul class=\"elementor-icon-list-items elementor-inline-items\">\n\t\t\t\t\t\t\t<li class=\"elementor-icon-list-item elementor-inline-item\">\n\t\t\t\t\t\t\t\t\t\t\t<a href=\"https:\/\/proyectovaquitas.com.ar\/index.php\/material\/material-infantil\/\">\n\n\t\t\t\t\t\t\t\t\t\t\t<span class=\"elementor-icon-list-text\">Material infantil<\/span>\n\t\t\t\t\t\t\t\t\t\t\t<\/a>\n\t\t\t\t\t\t\t\t\t<\/li>\n\t\t\t\t\t\t\t\t<li class=\"elementor-icon-list-item elementor-inline-item\">\n\t\t\t\t\t\t\t\t\t\t\t<a href=\"https:\/\/proyectovaquitas.com.ar\/index.php\/material\/posters-infografias\/\">\n\n\t\t\t\t\t\t\t\t\t\t\t<span class=\"elementor-icon-list-text\">P\u00f3sters e infograf\u00edas<\/span>\n\t\t\t\t\t\t\t\t\t\t\t<\/a>\n\t\t\t\t\t\t\t\t\t<\/li>\n\t\t\t\t\t\t\t\t<li class=\"elementor-icon-list-item elementor-inline-item\">\n\t\t\t\t\t\t\t\t\t\t\t<a href=\"https:\/\/proyectovaquitas.com.ar\/index.php\/material\/catalogos-imprimibles\/\">\n\n\t\t\t\t\t\t\t\t\t\t\t<span class=\"elementor-icon-list-text\">Cat\u00e1logos y Gu\u00eda de Campo<\/span>\n\t\t\t\t\t\t\t\t\t\t\t<\/a>\n\t\t\t\t\t\t\t\t\t<\/li>\n\t\t\t\t\t\t\t\t<li class=\"elementor-icon-list-item elementor-inline-item\">\n\t\t\t\t\t\t\t\t\t\t\t<a href=\"https:\/\/proyectovaquitas.com.ar\/index.php\/material\/recomendaciones-huerta\/\">\n\n\t\t\t\t\t\t\t\t\t\t\t<span class=\"elementor-icon-list-text\">Recomendaciones para la huerta<\/span>\n\t\t\t\t\t\t\t\t\t\t\t<\/a>\n\t\t\t\t\t\t\t\t\t<\/li>\n\t\t\t\t\t\t\t\t<li class=\"elementor-icon-list-item elementor-inline-item\">\n\t\t\t\t\t\t\t\t\t\t\t<a href=\"https:\/\/proyectovaquitas.com.ar\/index.php\/material\/info-vaquitas\/\">\n\n\t\t\t\t\t\t\t\t\t\t\t<span class=\"elementor-icon-list-text\">M\u00e1s informaci\u00f3n sobre vaquitas<\/span>\n\t\t\t\t\t\t\t\t\t\t\t<\/a>\n\t\t\t\t\t\t\t\t\t<\/li>\n\t\t\t\t\t\t<\/ul>\n\t\t\t\t<\/div>\n\t\t\t\t<\/div>\n\t\t\t\t\t<\/div>\n\t\t<\/div>\n\t\t\t\t\t\t\t<\/div>\n\t\t<\/section>\n\t\t\t\t\t<\/div>\n\t\t<\/div>\n\t\t\t\t\t\t\t<\/div>\n\t\t<\/section>\n\t\t\t\t\t<\/div>\n\t\t<\/div>\n\t\t\t\t\t\t\t<\/div>\n\t\t<\/section>\n\t\t\t\t<section class=\"elementor-section elementor-top-section elementor-element elementor-element-36df3c08 elementor-section-content-middle elementor-reverse-mobile elementor-section-boxed elementor-section-height-default elementor-section-height-default\" data-id=\"36df3c08\" data-element_type=\"section\" data-settings=\"{&quot;background_background&quot;:&quot;gradient&quot;}\">\n\t\t\t\t\t\t\t<div class=\"elementor-background-overlay\"><\/div>\n\t\t\t\t\t\t\t<div class=\"elementor-container elementor-column-gap-no\">\n\t\t\t\t\t<div class=\"elementor-column elementor-col-33 elementor-top-column elementor-element elementor-element-30c92931\" data-id=\"30c92931\" data-element_type=\"column\">\n\t\t\t<div class=\"elementor-widget-wrap elementor-element-populated\">\n\t\t\t\t\t\t\t\t<div class=\"elementor-element elementor-element-1a239900 elementor-invisible elementor-widget elementor-widget-image\" data-id=\"1a239900\" data-element_type=\"widget\" data-settings=\"{&quot;_animation&quot;:&quot;fadeInLeft&quot;}\" data-widget_type=\"image.default\">\n\t\t\t\t<div class=\"elementor-widget-container\">\n\t\t\t<style>\/*! elementor - v3.11.5 - 14-03-2023 *\/\n.elementor-widget-image{text-align:center}.elementor-widget-image a{display:inline-block}.elementor-widget-image a img[src$=\".svg\"]{width:48px}.elementor-widget-image img{vertical-align:middle;display:inline-block}<\/style>\t\t\t\t\t\t\t\t\t\t\t\t<img src=\"https:\/\/proyectovaquitas.com.ar\/wp-content\/uploads\/elementor\/thumbs\/Recurso-6@300x-pbyaixeio13112c6kpfhdjn695hhrgxy4fa1khfcw0.png\" title=\"Recurso 6@300x\" alt=\"Recurso 6@300x\" loading=\"lazy\" \/>\t\t\t\t\t\t\t\t\t\t\t\t\t\t\t<\/div>\n\t\t\t\t<\/div>\n\t\t\t\t\t<\/div>\n\t\t<\/div>\n\t\t\t\t<div class=\"elementor-column elementor-col-66 elementor-top-column elementor-element elementor-element-bba0a42\" data-id=\"bba0a42\" data-element_type=\"column\">\n\t\t\t<div class=\"elementor-widget-wrap elementor-element-populated\">\n\t\t\t\t\t\t\t\t<div class=\"elementor-element elementor-element-4f8d188f elementor-widget elementor-widget-heading\" data-id=\"4f8d188f\" data-element_type=\"widget\" data-widget_type=\"heading.default\">\n\t\t\t\t<div class=\"elementor-widget-container\">\n\t\t\t<style>\/*! elementor - v3.11.5 - 14-03-2023 *\/\n.elementor-heading-title{padding:0;margin:0;line-height:1}.elementor-widget-heading .elementor-heading-title[class*=elementor-size-]>a{color:inherit;font-size:inherit;line-height:inherit}.elementor-widget-heading .elementor-heading-title.elementor-size-small{font-size:15px}.elementor-widget-heading .elementor-heading-title.elementor-size-medium{font-size:19px}.elementor-widget-heading .elementor-heading-title.elementor-size-large{font-size:29px}.elementor-widget-heading .elementor-heading-title.elementor-size-xl{font-size:39px}.elementor-widget-heading .elementor-heading-title.elementor-size-xxl{font-size:59px}<\/style><h2 class=\"elementor-heading-title elementor-size-default\">P\u00f3sters e infograf\u00edas<\/h2>\t\t<\/div>\n\t\t\t\t<\/div>\n\t\t\t\t\t<\/div>\n\t\t<\/div>\n\t\t\t\t\t\t\t<\/div>\n\t\t<\/section>\n\t\t\t\t<section class=\"elementor-section elementor-top-section elementor-element elementor-element-d9cfed8 elementor-section-boxed elementor-section-height-default elementor-section-height-default\" data-id=\"d9cfed8\" data-element_type=\"section\">\n\t\t\t\t\t\t<div class=\"elementor-container elementor-column-gap-default\">\n\t\t\t\t\t<div class=\"elementor-column elementor-col-33 elementor-top-column elementor-element elementor-element-a8cf564\" data-id=\"a8cf564\" data-element_type=\"column\">\n\t\t\t<div class=\"elementor-widget-wrap elementor-element-populated\">\n\t\t\t\t\t\t\t\t<div class=\"elementor-element elementor-element-c202d1f elementor-widget elementor-widget-image\" data-id=\"c202d1f\" data-element_type=\"widget\" data-widget_type=\"image.default\">\n\t\t\t\t<div class=\"elementor-widget-container\">\n\t\t\t\t\t\t\t\t\t\t\t\t<figure class=\"wp-caption\">\n\t\t\t\t\t\t\t\t\t\t\t<a href=\"https:\/\/drive.google.com\/file\/d\/1XIlAtfTUGKfNM6iYVK_44ZmZLEUG7f8s\/view?usp=sharing\">\n\t\t\t\t\t\t\t<img width=\"212\" height=\"300\" src=\"https:\/\/proyectovaquitas.com.ar\/wp-content\/uploads\/2022\/01\/flyer-difusion-212x300.gif\" class=\"elementor-animation-shrink attachment-medium size-medium wp-image-4103\" alt=\"\" loading=\"lazy\" srcset=\"https:\/\/proyectovaquitas.com.ar\/wp-content\/uploads\/2022\/01\/flyer-difusion-212x300.gif 212w, https:\/\/proyectovaquitas.com.ar\/wp-content\/uploads\/2022\/01\/flyer-difusion-724x1024.gif 724w, https:\/\/proyectovaquitas.com.ar\/wp-content\/uploads\/2022\/01\/flyer-difusion-768x1086.gif 768w, https:\/\/proyectovaquitas.com.ar\/wp-content\/uploads\/2022\/01\/flyer-difusion-1086x1536.gif 1086w, https:\/\/proyectovaquitas.com.ar\/wp-content\/uploads\/2022\/01\/flyer-difusion-1448x2048.gif 1448w, https:\/\/proyectovaquitas.com.ar\/wp-content\/uploads\/2022\/01\/flyer-difusion-200x283.gif 200w, https:\/\/proyectovaquitas.com.ar\/wp-content\/uploads\/2022\/01\/flyer-difusion-10x14.gif 10w\" sizes=\"(max-width: 212px) 100vw, 212px\" \/>\t\t\t\t\t\t\t\t<\/a>\n\t\t\t\t\t\t\t\t\t\t\t<figcaption class=\"widget-image-caption wp-caption-text\">Flyer de difusi\u00f3n<\/figcaption>\n\t\t\t\t\t\t\t\t\t\t<\/figure>\n\t\t\t\t\t\t\t\t\t<\/div>\n\t\t\t\t<\/div>\n\t\t\t\t\t<\/div>\n\t\t<\/div>\n\t\t\t\t<div class=\"elementor-column elementor-col-33 elementor-top-column elementor-element elementor-element-fd97ae9\" data-id=\"fd97ae9\" data-element_type=\"column\">\n\t\t\t<div class=\"elementor-widget-wrap elementor-element-populated\">\n\t\t\t\t\t\t\t\t<div class=\"elementor-element elementor-element-77e33a1 elementor-widget elementor-widget-image\" data-id=\"77e33a1\" data-element_type=\"widget\" data-widget_type=\"image.default\">\n\t\t\t\t<div class=\"elementor-widget-container\">\n\t\t\t\t\t\t\t\t\t\t\t\t<figure class=\"wp-caption\">\n\t\t\t\t\t\t\t\t\t\t\t<a href=\"https:\/\/drive.google.com\/file\/d\/1Ui66H5WyqGdu6YbZ7dAfFTQW1JZ_-XTO\/view?usp=sharing\">\n\t\t\t\t\t\t\t<img width=\"224\" height=\"300\" src=\"https:\/\/proyectovaquitas.com.ar\/wp-content\/uploads\/2022\/01\/Screen-Shot-2022-01-11-at-17.44.32-224x300.gif\" class=\"elementor-animation-shrink attachment-medium size-medium wp-image-3851\" alt=\"\" loading=\"lazy\" srcset=\"https:\/\/proyectovaquitas.com.ar\/wp-content\/uploads\/2022\/01\/Screen-Shot-2022-01-11-at-17.44.32-224x300.gif 224w, https:\/\/proyectovaquitas.com.ar\/wp-content\/uploads\/2022\/01\/Screen-Shot-2022-01-11-at-17.44.32-200x268.gif 200w, https:\/\/proyectovaquitas.com.ar\/wp-content\/uploads\/2022\/01\/Screen-Shot-2022-01-11-at-17.44.32-10x13.gif 10w\" sizes=\"(max-width: 224px) 100vw, 224px\" \/>\t\t\t\t\t\t\t\t<\/a>\n\t\t\t\t\t\t\t\t\t\t\t<figcaption class=\"widget-image-caption wp-caption-text\">Diversidad de Vaquitas en Argentina<\/figcaption>\n\t\t\t\t\t\t\t\t\t\t<\/figure>\n\t\t\t\t\t\t\t\t\t<\/div>\n\t\t\t\t<\/div>\n\t\t\t\t\t<\/div>\n\t\t<\/div>\n\t\t\t\t<div class=\"elementor-column elementor-col-33 elementor-top-column elementor-element elementor-element-3eab110\" data-id=\"3eab110\" data-element_type=\"column\">\n\t\t\t<div class=\"elementor-widget-wrap elementor-element-populated\">\n\t\t\t\t\t\t\t\t<div class=\"elementor-element elementor-element-68d0840 elementor-widget elementor-widget-image\" data-id=\"68d0840\" data-element_type=\"widget\" data-widget_type=\"image.default\">\n\t\t\t\t<div class=\"elementor-widget-container\">\n\t\t\t\t\t\t\t\t\t\t\t\t<figure class=\"wp-caption\">\n\t\t\t\t\t\t\t\t\t\t\t<a href=\"https:\/\/drive.google.com\/file\/d\/1d9HIHrqF5r2EQ8RuTr2Su7inABWeA2Lf\/view?usp=sharing\">\n\t\t\t\t\t\t\t<img width=\"225\" height=\"300\" src=\"https:\/\/proyectovaquitas.com.ar\/wp-content\/uploads\/2022\/01\/Screen-Shot-2022-01-11-at-17.43.43-225x300.gif\" class=\"elementor-animation-shrink attachment-medium size-medium wp-image-3850\" alt=\"\" loading=\"lazy\" srcset=\"https:\/\/proyectovaquitas.com.ar\/wp-content\/uploads\/2022\/01\/Screen-Shot-2022-01-11-at-17.43.43-225x300.gif 225w, https:\/\/proyectovaquitas.com.ar\/wp-content\/uploads\/2022\/01\/Screen-Shot-2022-01-11-at-17.43.43-769x1024.gif 769w, https:\/\/proyectovaquitas.com.ar\/wp-content\/uploads\/2022\/01\/Screen-Shot-2022-01-11-at-17.43.43-768x1023.gif 768w, https:\/\/proyectovaquitas.com.ar\/wp-content\/uploads\/2022\/01\/Screen-Shot-2022-01-11-at-17.43.43-200x266.gif 200w, https:\/\/proyectovaquitas.com.ar\/wp-content\/uploads\/2022\/01\/Screen-Shot-2022-01-11-at-17.43.43-10x13.gif 10w\" sizes=\"(max-width: 225px) 100vw, 225px\" \/>\t\t\t\t\t\t\t\t<\/a>\n\t\t\t\t\t\t\t\t\t\t\t<figcaption class=\"widget-image-caption wp-caption-text\">\u00bfQu\u00e9 es una vaquita? <\/figcaption>\n\t\t\t\t\t\t\t\t\t\t<\/figure>\n\t\t\t\t\t\t\t\t\t<\/div>\n\t\t\t\t<\/div>\n\t\t\t\t\t<\/div>\n\t\t<\/div>\n\t\t\t\t\t\t\t<\/div>\n\t\t<\/section>\n\t\t\t\t<section class=\"elementor-section elementor-top-section elementor-element elementor-element-96b3774 elementor-section-boxed elementor-section-height-default elementor-section-height-default\" data-id=\"96b3774\" data-element_type=\"section\">\n\t\t\t\t\t\t<div class=\"elementor-container elementor-column-gap-default\">\n\t\t\t\t\t<div class=\"elementor-column elementor-col-25 elementor-top-column elementor-element elementor-element-f1c9956\" data-id=\"f1c9956\" data-element_type=\"column\">\n\t\t\t<div class=\"elementor-widget-wrap\">\n\t\t\t\t\t\t\t\t\t<\/div>\n\t\t<\/div>\n\t\t\t\t<div class=\"elementor-column elementor-col-25 elementor-top-column elementor-element elementor-element-57f5196\" data-id=\"57f5196\" data-element_type=\"column\">\n\t\t\t<div class=\"elementor-widget-wrap elementor-element-populated\">\n\t\t\t\t\t\t\t\t<div class=\"elementor-element elementor-element-c692146 elementor-widget elementor-widget-image\" data-id=\"c692146\" data-element_type=\"widget\" data-widget_type=\"image.default\">\n\t\t\t\t<div class=\"elementor-widget-container\">\n\t\t\t\t\t\t\t\t\t\t\t\t<figure class=\"wp-caption\">\n\t\t\t\t\t\t\t\t\t\t\t<a href=\"https:\/\/drive.google.com\/file\/d\/1SQPXNKUhhGNWKGA25lZV1Xm2F203eAKl\/view?usp=sharing\">\n\t\t\t\t\t\t\t<img width=\"225\" height=\"300\" src=\"https:\/\/proyectovaquitas.com.ar\/wp-content\/uploads\/2022\/01\/Screen-Shot-2022-01-11-at-17.33.53-225x300.gif\" class=\"elementor-animation-shrink attachment-medium size-medium wp-image-3852\" alt=\"\" loading=\"lazy\" srcset=\"https:\/\/proyectovaquitas.com.ar\/wp-content\/uploads\/2022\/01\/Screen-Shot-2022-01-11-at-17.33.53-225x300.gif 225w, https:\/\/proyectovaquitas.com.ar\/wp-content\/uploads\/2022\/01\/Screen-Shot-2022-01-11-at-17.33.53-769x1024.gif 769w, https:\/\/proyectovaquitas.com.ar\/wp-content\/uploads\/2022\/01\/Screen-Shot-2022-01-11-at-17.33.53-768x1022.gif 768w, https:\/\/proyectovaquitas.com.ar\/wp-content\/uploads\/2022\/01\/Screen-Shot-2022-01-11-at-17.33.53-200x266.gif 200w, https:\/\/proyectovaquitas.com.ar\/wp-content\/uploads\/2022\/01\/Screen-Shot-2022-01-11-at-17.33.53-10x13.gif 10w\" sizes=\"(max-width: 225px) 100vw, 225px\" \/>\t\t\t\t\t\t\t\t<\/a>\n\t\t\t\t\t\t\t\t\t\t\t<figcaption class=\"widget-image-caption wp-caption-text\">Vaquita Asi\u00e1tica Multicolor<\/figcaption>\n\t\t\t\t\t\t\t\t\t\t<\/figure>\n\t\t\t\t\t\t\t\t\t<\/div>\n\t\t\t\t<\/div>\n\t\t\t\t\t<\/div>\n\t\t<\/div>\n\t\t\t\t<div class=\"elementor-column elementor-col-25 elementor-top-column elementor-element elementor-element-bb7d769\" data-id=\"bb7d769\" data-element_type=\"column\">\n\t\t\t<div class=\"elementor-widget-wrap elementor-element-populated\">\n\t\t\t\t\t\t\t\t<div class=\"elementor-element elementor-element-6abb4bf elementor-widget elementor-widget-image\" data-id=\"6abb4bf\" data-element_type=\"widget\" data-widget_type=\"image.default\">\n\t\t\t\t<div class=\"elementor-widget-container\">\n\t\t\t\t\t\t\t\t\t\t\t\t<figure class=\"wp-caption\">\n\t\t\t\t\t\t\t\t\t\t\t<a href=\"https:\/\/drive.google.com\/file\/d\/15wLlno2RmrxoOEsoyO-GAeoVHiUd0Jjn\/view?usp=sharing\">\n\t\t\t\t\t\t\t<img width=\"224\" height=\"300\" src=\"https:\/\/proyectovaquitas.com.ar\/wp-content\/uploads\/2022\/01\/Screen-Shot-2022-01-11-at-17.38.49-224x300.gif\" class=\"elementor-animation-shrink attachment-medium size-medium wp-image-3853\" alt=\"\" loading=\"lazy\" srcset=\"https:\/\/proyectovaquitas.com.ar\/wp-content\/uploads\/2022\/01\/Screen-Shot-2022-01-11-at-17.38.49-224x300.gif 224w, https:\/\/proyectovaquitas.com.ar\/wp-content\/uploads\/2022\/01\/Screen-Shot-2022-01-11-at-17.38.49-200x268.gif 200w, https:\/\/proyectovaquitas.com.ar\/wp-content\/uploads\/2022\/01\/Screen-Shot-2022-01-11-at-17.38.49-10x13.gif 10w\" sizes=\"(max-width: 224px) 100vw, 224px\" \/>\t\t\t\t\t\t\t\t<\/a>\n\t\t\t\t\t\t\t\t\t\t\t<figcaption class=\"widget-image-caption wp-caption-text\">Invasiones Biol\u00f3gicas<\/figcaption>\n\t\t\t\t\t\t\t\t\t\t<\/figure>\n\t\t\t\t\t\t\t\t\t<\/div>\n\t\t\t\t<\/div>\n\t\t\t\t\t<\/div>\n\t\t<\/div>\n\t\t\t\t<div class=\"elementor-column elementor-col-25 elementor-top-column elementor-element elementor-element-dfac3a3\" data-id=\"dfac3a3\" data-element_type=\"column\">\n\t\t\t<div class=\"elementor-widget-wrap\">\n\t\t\t\t\t\t\t\t\t<\/div>\n\t\t<\/div>\n\t\t\t\t\t\t\t<\/div>\n\t\t<\/section>\n\t\t\t\t<section class=\"elementor-section elementor-top-section elementor-element elementor-element-2c92b16 elementor-section-boxed elementor-section-height-default elementor-section-height-default\" data-id=\"2c92b16\" data-element_type=\"section\">\n\t\t\t\t\t\t<div class=\"elementor-container elementor-column-gap-default\">\n\t\t\t\t\t<div class=\"elementor-column elementor-col-100 elementor-top-column elementor-element elementor-element-63c7720\" data-id=\"63c7720\" data-element_type=\"column\">\n\t\t\t<div class=\"elementor-widget-wrap elementor-element-populated\">\n\t\t\t\t\t\t\t\t<div class=\"elementor-element elementor-element-11b5117 elementor-widget elementor-widget-spacer\" data-id=\"11b5117\" data-element_type=\"widget\" data-widget_type=\"spacer.default\">\n\t\t\t\t<div class=\"elementor-widget-container\">\n\t\t\t<style>\/*! elementor - v3.11.5 - 14-03-2023 *\/\n.elementor-column .elementor-spacer-inner{height:var(--spacer-size)}.e-con{--container-widget-width:100%}.e-con-inner>.elementor-widget-spacer,.e-con>.elementor-widget-spacer{width:var(--container-widget-width,var(--spacer-size));--align-self:var(--container-widget-align-self,initial);--flex-shrink:0}.e-con-inner>.elementor-widget-spacer>.elementor-widget-container,.e-con-inner>.elementor-widget-spacer>.elementor-widget-container>.elementor-spacer,.e-con>.elementor-widget-spacer>.elementor-widget-container,.e-con>.elementor-widget-spacer>.elementor-widget-container>.elementor-spacer{height:100%}.e-con-inner>.elementor-widget-spacer>.elementor-widget-container>.elementor-spacer>.elementor-spacer-inner,.e-con>.elementor-widget-spacer>.elementor-widget-container>.elementor-spacer>.elementor-spacer-inner{height:var(--container-widget-height,var(--spacer-size))}<\/style>\t\t<div class=\"elementor-spacer\">\n\t\t\t<div class=\"elementor-spacer-inner\"><\/div>\n\t\t<\/div>\n\t\t\t\t<\/div>\n\t\t\t\t<\/div>\n\t\t\t\t\t<\/div>\n\t\t<\/div>\n\t\t\t\t\t\t\t<\/div>\n\t\t<\/section>\n\t\t\t\t\t\t\t<\/div>\n\t\t","protected":false},"excerpt":{"rendered":"<p>Material infantil P\u00f3sters e infograf\u00edas Cat\u00e1logos y Gu\u00eda de Campo Recomendaciones para la huerta M\u00e1s informaci\u00f3n sobre vaquitas P\u00f3sters e infograf\u00edas Flyer de difusi\u00f3n Diversidad de Vaquitas en Argentina \u00bfQu\u00e9&hellip;<\/p>\n","protected":false},"author":2,"featured_media":0,"parent":961,"menu_order":0,"comment_status":"closed","ping_status":"closed","template":"","meta":{"_monsterinsights_skip_tracking":false,"_monsterinsights_sitenote_active":false,"_monsterinsights_sitenote_note":"","_monsterinsights_sitenote_category":0},"_links":{"self":[{"href":"https:\/\/proyectovaquitas.com.ar\/index.php\/wp-json\/wp\/v2\/pages\/3805"}],"collection":[{"href":"https:\/\/proyectovaquitas.com.ar\/index.php\/wp-json\/wp\/v2\/pages"}],"about":[{"href":"https:\/\/proyectovaquitas.com.ar\/index.php\/wp-json\/wp\/v2\/types\/page"}],"author":[{"embeddable":true,"href":"https:\/\/proyectovaquitas.com.ar\/index.php\/wp-json\/wp\/v2\/users\/2"}],"replies":[{"embeddable":true,"href":"https:\/\/proyectovaquitas.com.ar\/index.php\/wp-json\/wp\/v2\/comments?post=3805"}],"version-history":[{"count":44,"href":"https:\/\/proyectovaquitas.com.ar\/index.php\/wp-json\/wp\/v2\/pages\/3805\/revisions"}],"predecessor-version":[{"id":4657,"href":"https:\/\/proyectovaquitas.com.ar\/index.php\/wp-json\/wp\/v2\/pages\/3805\/revisions\/4657"}],"up":[{"embeddable":true,"href":"https:\/\/proyectovaquitas.com.ar\/index.php\/wp-json\/wp\/v2\/pages\/961"}],"wp:attachment":[{"href":"https:\/\/proyectovaquitas.com.ar\/index.php\/wp-json\/wp\/v2\/media?parent=3805"}],"curies":[{"name":"wp","href":"https:\/\/api.w.org\/{rel}","templated":true}]}}